{"id":2379,"date":"2019-03-13T03:52:41","date_gmt":"2019-03-13T03:52:41","guid":{"rendered":"https:\/\/construporex.com\/nuevo\/index.php\/our-history-2\/"},"modified":"2021-01-14T19:38:00","modified_gmt":"2021-01-14T19:38:00","slug":"ambiental","status":"publish","type":"page","link":"https:\/\/construporex.com\/index.php\/ambiental\/","title":{"rendered":"Ambiental"},"content":{"rendered":"<p>[vc_row][vc_column][tm_spacer size=\u00bblg:23&#8243;][tm_spacer size=\u00bblg:23&#8243;][tm_heading style=\u00bbmodern\u00bb tag=\u00bbh6&#8243; custom_google_font=\u00bb\u00bb align=\u00bbcenter\u00bb text_color=\u00bbcustom\u00bb custom_text_color=\u00bb#ababab\u00bb]CONSTRUPOREX[\/tm_heading][tm_heading custom_google_font=\u00bb\u00bb align=\u00bbcenter\u00bb font_size=\u00bbsm:28;md:34;lg:40&#8243; line_height=\u00bb1.4&#8243; max_width=\u00bb740px\u00bb]POL\u00cdTICA <mark>AMBIENTAL<\/mark>[\/tm_heading][tm_spacer size=\u00bblg:23&#8243;][tm_spacer size=\u00bblg:23&#8243;][\/vc_column][\/vc_row][vc_row][vc_column][vc_column_text]<\/p>\n<p style=\"text-align: justify;\">Somos una empresa de servicios cuya actividad econ\u00f3mica es el Aligeramiento de Losas en el sector construcci\u00f3n a nivel nacional, por lo cual utilizamos como materia prima poliestireno expandido. Construporex S.A.S. comprometida con la preservaci\u00f3n del medio ambiente consciente de la importancia que tiene en la actualidad la gesti\u00f3n integral de los aspectos ambientales, establece como directriz el uso racional y eficiente de los recursos naturales, como tambi\u00e9n la mitigaci\u00f3n de los impactos a los mismos a trav\u00e9s del mejoramiento continuo de nuestros procesos y la incorporaci\u00f3n de nuevos materiales y tecnolog\u00edas m\u00e1s limpias.<\/p>\n<p style=\"text-align: justify;\">Buscamos tener un equilibrio entre empresa, comunidad y medio ambiente, reutilizamos y recuperamos nuestro insumo principal (poliestireno expandido), el cual es sometido a un proceso que reduce su volumen y lo convierte en materia prima para la generaci\u00f3n de nuevos productos, disminuyendo as\u00ed la carga ambiental a los recursos naturales.<\/p>\n<h4 style=\"text-align: center;\"><strong>PROCESOS DE RECICLAJE POLIESTIRENO EXPANDIDO<\/strong><\/h4>\n<p>[\/vc_column_text][tm_spacer size=\u00bbxs:10;lg:20&#8243;][tm_gallery image_size=\u00bb570&#215;385&#8243; images=\u00bb3097,3049,3050&#8243; columns=\u00bbxs:1;sm:2;lg:3&#8243;][tm_spacer size=\u00bbxs:10;lg:20&#8243;][\/vc_column][\/vc_row]<\/p>\n","protected":false},"excerpt":{"rendered":"<p>[vc_row][vc_column][tm_spacer size=\u00bblg:23&#8243;][tm_spacer size=\u00bblg:23&#8243;][tm_heading style=\u00bbmodern\u00bb tag=\u00bbh6&#8243; custom_google_font=\u00bb\u00bb align=\u00bbcenter\u00bb text_color=\u00bbcustom\u00bb custom_text_color=\u00bb#ababab\u00bb]CONSTRUPOREX[\/tm_heading][tm_heading custom_google_font=\u00bb\u00bb align=\u00bbcenter\u00bb font_size=\u00bbsm:28;md:34;lg:40&#8243; line_height=\u00bb1.4&#8243; max_width=\u00bb740px\u00bb]POL\u00cdTICA AMBIENTAL[\/tm_heading][tm_spacer size=\u00bblg:23&#8243;][tm_spacer size=\u00bblg:23&#8243;][\/vc_column][\/vc_row][vc_row][vc_column][vc_column_text] Somos una empresa de servicios cuya actividad econ\u00f3mica es el Aligeramiento de Losas en el sector construcci\u00f3n a nivel nacional, por lo cual utilizamos como materia prima poliestireno expandido. Construporex S.A.S. comprometida con la preservaci\u00f3n del medio ambiente consciente de la importancia que tiene en la actualidad la gesti\u00f3n integral de los aspectos ambientales, establece como directriz el uso racional y eficiente de los recursos naturales, como tambi\u00e9n la mitigaci\u00f3n de los impactos a los mismos a trav\u00e9s del mejoramiento continuo de nuestros procesos y la incorporaci\u00f3n de nuevos materiales y tecnolog\u00edas m\u00e1s limpias. Buscamos tener un equilibrio entre empresa, comunidad y medio ambiente, reutilizamos y recuperamos nuestro insumo principal (poliestireno expandido), el cual es sometido a un proceso que reduce su volumen y lo convierte en materia prima para la generaci\u00f3n de nuevos productos, disminuyendo as\u00ed la carga ambiental a los recursos naturales. PROCESOS DE RECICLAJE POLIESTIRENO EXPANDIDO [\/vc_column_text][tm_spacer size=\u00bbxs:10;lg:20&#8243;][tm_gallery image_size=\u00bb570&#215;385&#8243; images=\u00bb3097,3049,3050&#8243; columns=\u00bbxs:1;sm:2;lg:3&#8243;][tm_spacer size=\u00bbxs:10;lg:20&#8243;][\/vc_column][\/vc_row]<\/p>\n","protected":false},"author":1,"featured_media":0,"parent":0,"menu_order":0,"comment_status":"closed","ping_status":"closed","template":"","meta":{"footnotes":""},"class_list":["post-2379","page","type-page","status-publish","hentry","post-no-thumbnail"],"_links":{"self":[{"href":"https:\/\/construporex.com\/index.php\/wp-json\/wp\/v2\/pages\/2379","targetHints":{"allow":["GET"]}}],"collection":[{"href":"https:\/\/construporex.com\/index.php\/wp-json\/wp\/v2\/pages"}],"about":[{"href":"https:\/\/construporex.com\/index.php\/wp-json\/wp\/v2\/types\/page"}],"author":[{"embeddable":true,"href":"https:\/\/construporex.com\/index.php\/wp-json\/wp\/v2\/users\/1"}],"replies":[{"embeddable":true,"href":"https:\/\/construporex.com\/index.php\/wp-json\/wp\/v2\/comments?post=2379"}],"version-history":[{"count":23,"href":"https:\/\/construporex.com\/index.php\/wp-json\/wp\/v2\/pages\/2379\/revisions"}],"predecessor-version":[{"id":3104,"href":"https:\/\/construporex.com\/index.php\/wp-json\/wp\/v2\/pages\/2379\/revisions\/3104"}],"wp:attachment":[{"href":"https:\/\/construporex.com\/index.php\/wp-json\/wp\/v2\/media?parent=2379"}],"curies":[{"name":"wp","href":"https:\/\/api.w.org\/{rel}","templated":true}]}}