{"id":2386,"date":"2019-03-13T09:44:58","date_gmt":"2019-03-13T09:44:58","guid":{"rendered":"https:\/\/construporex.com\/nuevo\/index.php\/careers-2\/"},"modified":"2020-12-17T21:37:07","modified_gmt":"2020-12-17T21:37:07","slug":"portafolio","status":"publish","type":"page","link":"https:\/\/construporex.com\/index.php\/portafolio\/","title":{"rendered":"Portafolio"},"content":{"rendered":"<p>[vc_row][vc_column][tm_spacer size=\u00bblg:28&#8243;][tm_heading style=\u00bbmodern\u00bb tag=\u00bbh6&#8243; custom_google_font=\u00bb\u00bb align=\u00bbcenter\u00bb text_color=\u00bbcustom\u00bb custom_text_color=\u00bb#ababab\u00bb]CONSTRUPOREX[\/tm_heading][tm_heading custom_google_font=\u00bb\u00bb align=\u00bbcenter\u00bb font_size=\u00bbsm:28;md:34;lg:40&#8243; line_height=\u00bb1.4&#8243; max_width=\u00bb740px\u00bb]PRODUCTOS Y <mark>SERVICIOS<\/mark>[\/tm_heading][tm_spacer size=\u00bblg:28&#8243;][\/vc_column][\/vc_row][vc_row full_width=\u00bbstretch_row_content\u00bb content_placement=\u00bbmiddle\u00bb background_color=\u00bbcustom\u00bb lg_spacing=\u00bbpadding_top:40;padding_bottom:40&#8243; custom_background_color=\u00bbrgba(255,255,255,0.01)\u00bb sm_spacing=\u00bbpadding_top:100;padding_bottom:100&#8243;][vc_column width=\u00bb1\/2&#8243; offset=\u00bbvc_col-md-6&#8243; order=\u00bbsm:3&#8243;][vc_row_inner content_alignment=\u00bbright\u00bb sm_content_alignment=\u00bbcenter\u00bb max_width=\u00bb600px\u00bb][vc_column_inner][tm_heading tag=\u00bbh4&#8243; custom_google_font=\u00bb\u00bb sm_align=\u00bbcenter\u00bb font_size=\u00bbsm:28;md:34;lg:20&#8243; line_height=\u00bb1.4&#8243;]POLISTIRENO EXPANDIDO <mark>(EPS)<\/mark>[\/tm_heading][tm_spacer size=\u00bblg:25&#8243;][tm_heading tag=\u00bbp\u00bb custom_google_font=\u00bb\u00bb sm_align=\u00bbcenter\u00bb text_color=\u00bbcustom\u00bb custom_text_color=\u00bb#ababab\u00bb]<\/p>\n<p align=\"justify\">Tambi\u00e9n conocido en Colombia como \u00abIcopor\u00bb, es un material pl\u00e1stico celular y r\u00edgido fabricado a partir del moldeo de perlas preexpandidas de poliestireno expandible, que presenta una estructura celular cerrada y rellena de aire; debido a sus excelentes propiedades juega un destacado papel en la industria de la construcci\u00f3n a nivel mundial.<\/p>\n<p align=\"justify\">Los productos y materiales de poliestireno expandido tienen gran aplicaci\u00f3n y presentan una excelente capacidad de aislamiento t\u00e9rmico debido a la propia estructura del material que esencialmente consiste en aire ocluido dentro de una estructura celular conformada por el poliestireno. Aproximadamente un 98% del volumen del material es aire y \u00fanicamente un 2% materia s\u00f3lida (poliestireno), siendo el aire en reposo un excelente aislante t\u00e9rmico.<\/p>\n<p><strong>APLICACIONES<\/strong><\/p>\n<p align=\"justify\">En el sector de la construcci\u00f3n, tanto en la edificaci\u00f3n como en las obras de Ingenier\u00eda civil, nos encontramos con numerosas aplicaciones del EPS (poliestireno expandido). Placas y paneles de aislamiento termo-ac\u00fastico, casetones y bovedillas para forjados, moldes de encofrado, juntas de dilataci\u00f3n, elementos decorativos interiores, bloques de EPS para dotar de ligereza a terraplenes de carreteras y para llenos livianos o estructurales.<\/p>\n<p>[\/tm_heading][tm_spacer size=\u00bblg:40&#8243;][\/vc_column_inner][\/vc_row_inner][\/vc_column][vc_column width=\u00bb1\/2&#8243; offset=\u00bbvc_col-md-6&#8243;][tm_image image_size=\u00bbcustom\u00bb action=\u00bbpopup\u00bb align=\u00bbcenter\u00bb image=\u00bb3036&#8243; image_size_width=\u00bb460&#8243;][tm_image image_size=\u00bbcustom\u00bb action=\u00bbpopup\u00bb align=\u00bbcenter\u00bb image=\u00bb2943&#8243; image_size_width=\u00bb460&#8243;][tm_spacer size=\u00bbsm:30&#8243;][\/vc_column][\/vc_row][vc_row][vc_column][tm_spacer size=\u00bblg:28&#8243;][tm_heading custom_google_font=\u00bb\u00bb align=\u00bbcenter\u00bb font_size=\u00bbsm:28;md:34;lg:40&#8243; line_height=\u00bb1.4&#8243; max_width=\u00bb740px\u00bb]ALIGERAMIENTOS DE <mark> LOSAS <\/mark>[\/tm_heading][tm_spacer size=\u00bblg:28&#8243;][vc_column_text]<\/p>\n<p style=\"text-align: center;\">Se compone de suministro, instalaci\u00f3n, recuperaci\u00f3n de casetones y mano de obra permanente en obra, en el caso de que las vigas tengan un nivel diferente se suministran los complementos en los nervios para que la obra arme a un solo nivel. Al terminar esta labor, todos los residuos de poliestireno y pl\u00e1stico son retirados de las obras para darles un destino final que impacte positivamente el medio ambiente.<\/p>\n<p>[\/vc_column_text][\/vc_column][\/vc_row][vc_row full_width=\u00bbstretch_row_content\u00bb content_placement=\u00bbmiddle\u00bb background_color=\u00bbcustom\u00bb lg_spacing=\u00bbpadding_top:40;padding_bottom:40&#8243; custom_background_color=\u00bbrgba(0,0,0,0.01)\u00bb sm_spacing=\u00bbpadding_top:100;padding_bottom:100&#8243;][vc_column offset=\u00bbvc_col-md-6&#8243; order=\u00bbsm:3&#8243;][vc_row_inner content_alignment=\u00bbright\u00bb sm_content_alignment=\u00bbcenter\u00bb max_width=\u00bb600px\u00bb][vc_column_inner][tm_heading tag=\u00bbh4&#8243; custom_google_font=\u00bb\u00bb sm_align=\u00bbcenter\u00bb font_size=\u00bbsm:28;md:34;lg:20&#8243; line_height=\u00bb1.4&#8243;]<mark>CASETONES<\/mark> RECUPERABLES\/ NO RECUPERABLES[\/tm_heading][tm_spacer size=\u00bblg:25&#8243;][tm_heading tag=\u00bbp\u00bb custom_google_font=\u00bb\u00bb sm_align=\u00bbcenter\u00bb text_color=\u00bbcustom\u00bb custom_text_color=\u00bb#ababab\u00bb]<strong>CASETONES NO RECUPERABLES O P\u00c9RDIDOS<\/strong><\/p>\n<p align=\"justify\">Son piezas macizas rectangulares de poliestireno expandido con tama\u00f1os variables seg\u00fan el dise\u00f1o estructural de cada proyecto; A diferencia de los recuperables este producto solo se utiliza una sola vez y queda atrapado dentro de la placa aligerada, dot\u00e1ndola de sus ventajas de aislamiento t\u00e9rmico y ac\u00fastico. Es utilizado en losas de entrepiso, losas de cubiertas y losas de fundaci\u00f3n.<\/p>\n<p><strong>CASETONES RECUPERABLES <\/strong><\/p>\n<p align=\"justify\">Piezas macizas rectangulares de poliestireno expandido con tama\u00f1os variables seg\u00fan el dise\u00f1o estructural de cada proyecto, tienen un corte trapezoidal en la parte central y son forrados en polietileno liso para hacer m\u00e1s f\u00e1cil su recuperaci\u00f3n, pueden ser recuperados luego de fraguado el hormig\u00f3n y ser utilizados nuevamente en repetidas ocasiones.<\/p>\n<p><strong>VENTAJAS DE LOS CASETONES(EPS)<\/strong><\/p>\n<ul>\n<li>Por su bajo peso permite mayor agilidad en el transporte y la instalaci\u00f3n.<\/li>\n<li>Gran versatilidad.<\/li>\n<li>Maximiza el rendimiento del concreto ya que elimina el riesgo de filtraciones y pandeos.<\/li>\n<li>Ofrece mejor acabado porque se copia la superficie lisa y templada del polietileno.<\/li>\n<li>Por la cantidad de usos que soporta se vuelve m\u00e1s econ\u00f3mico que los dem\u00e1s sistemas (Re-utilizaci\u00f3n de 16 a 20 veces).<\/li>\n<li>EPS 100% reciclable, lo que lo hace amigable con el medio ambiente<\/li>\n<\/ul>\n<p>[\/tm_heading][tm_spacer size=\u00bblg:40&#8243;][\/vc_column_inner][\/vc_row_inner][\/vc_column][vc_column offset=\u00bbvc_col-md-6&#8243;][tm_image image_size=\u00bbcustom\u00bb action=\u00bbpopup\u00bb align=\u00bbcenter\u00bb image=\u00bb2954&#8243; image_size_width=\u00bb460&#8243;][tm_image image_size=\u00bbcustom\u00bb action=\u00bbpopup\u00bb align=\u00bbcenter\u00bb image=\u00bb2890&#8243; image_size_width=\u00bb460&#8243;][tm_image image_size=\u00bbcustom\u00bb action=\u00bbpopup\u00bb align=\u00bbcenter\u00bb image=\u00bb2891&#8243; image_size_width=\u00bb460&#8243;][tm_spacer size=\u00bbsm:30&#8243;][\/vc_column][\/vc_row][vc_row full_width=\u00bbstretch_row_content\u00bb content_placement=\u00bbmiddle\u00bb background_color=\u00bbcustom\u00bb lg_spacing=\u00bbpadding_top:40;padding_bottom:40&#8243; custom_background_color=\u00bbrgba(255,255,255,0.01)\u00bb sm_spacing=\u00bbpadding_top:100;padding_bottom:100&#8243;][vc_column width=\u00bb1\/2&#8243; content_position=\u00bbtop\u00bb offset=\u00bbvc_col-md-6&#8243; order=\u00bbsm:3&#8243;][vc_row_inner content_alignment=\u00bbright\u00bb sm_content_alignment=\u00bbcenter\u00bb max_width=\u00bb600px\u00bb][vc_column_inner content_position=\u00bbtop\u00bb][tm_heading tag=\u00bbh4&#8243; custom_google_font=\u00bb\u00bb sm_align=\u00bbcenter\u00bb font_size=\u00bbsm:28;md:34;lg:20&#8243; line_height=\u00bb1.4&#8243;]BOV<mark>EDILLAS<\/mark>[\/tm_heading][tm_spacer size=\u00bblg:25&#8243;][tm_heading tag=\u00bbp\u00bb custom_google_font=\u00bb\u00bb sm_align=\u00bbcenter\u00bb text_color=\u00bbcustom\u00bb custom_text_color=\u00bb#ababab\u00bb]<strong>BOVEDILLAS<\/strong><\/p>\n<p align=\"justify\">Las bovedillas de CONSTRUPOREX son bloques muy ligeros de poliestireno expandido auto extinguible que por sus caracter\u00edsticas son el complemento id\u00f3neo para aligerar los forjados, adem\u00e1s de ser un excelente aislante t\u00e9rmico.<\/p>\n<p><strong>VENTAJAS<\/strong><\/p>\n<ul>\n<li>Favorecen la reducci\u00f3n del peso propio de la losa.<\/li>\n<li>Disminuye la transmisi\u00f3n de ruidos entre plantas.<\/li>\n<li>Disminuye el futuro gasto de energ\u00eda en climatizaci\u00f3n gracias a sus cualidades de aislaci\u00f3n t\u00e9rmica.<\/li>\n<li>Agiliza la construcci\u00f3n debido a su bajo peso y f\u00e1cil colocaci\u00f3n.<\/li>\n<li>No tienen desperdicios ni posibilidades de rotura durante la colocaci\u00f3n.<\/li>\n<\/ul>\n<p>[\/tm_heading][tm_spacer size=\u00bblg:40&#8243;][\/vc_column_inner][\/vc_row_inner][\/vc_column][vc_column width=\u00bb1\/2&#8243; offset=\u00bbvc_col-md-6&#8243;][tm_image image_size=\u00bbcustom\u00bb action=\u00bbpopup\u00bb align=\u00bbcenter\u00bb image=\u00bb2948&#8243; image_size_width=\u00bb460&#8243;][tm_image image_size=\u00bbcustom\u00bb action=\u00bbpopup\u00bb align=\u00bbcenter\u00bb image=\u00bb2949&#8243; image_size_width=\u00bb460&#8243;][tm_spacer size=\u00bbsm:30&#8243;][\/vc_column][\/vc_row][vc_row full_width=\u00bbstretch_row_content\u00bb content_placement=\u00bbmiddle\u00bb background_color=\u00bbcustom\u00bb lg_spacing=\u00bbpadding_top:40;padding_bottom:40&#8243; custom_background_color=\u00bbrgba(255,255,255,0.01)\u00bb sm_spacing=\u00bbpadding_top:100;padding_bottom:100&#8243;][vc_column width=\u00bb1\/2&#8243; offset=\u00bbvc_col-md-6&#8243; order=\u00bbsm:3&#8243;][vc_row_inner content_alignment=\u00bbright\u00bb sm_content_alignment=\u00bbcenter\u00bb max_width=\u00bb600px\u00bb][vc_column_inner][tm_heading tag=\u00bbh4&#8243; custom_google_font=\u00bb\u00bb sm_align=\u00bbcenter\u00bb font_size=\u00bbsm:28;md:34;lg:20&#8243; line_height=\u00bb1.4&#8243;]GEO<mark>BLOQUES<\/mark>[\/tm_heading][tm_spacer size=\u00bblg:25&#8243;][tm_heading tag=\u00bbp\u00bb custom_google_font=\u00bb\u00bb sm_align=\u00bbcenter\u00bb text_color=\u00bbcustom\u00bb custom_text_color=\u00bb#ababab\u00bb]<\/p>\n<p align=\"justify\">Bloque en EPS para relleno utilizado en el campo de la construcci\u00f3n, caracterizado por la baja densidad que posee, en comparaci\u00f3n con otros materiales de relleno utilizados. En aplicaciones geot\u00e9cnicas se emplean bloques cuya densidad var\u00eda entre los 15 y 35 Kg\/m3, aproximadamente el 1% del peso de los materiales convencionales. En general las caracter\u00edsticas mec\u00e1nicas del bloque en EPS, dependen de la densidad aparente del GEOBLOQUE.<\/p>\n<p><strong>CARACTER\u00cdSITICAS T\u00c9CNICAS<\/strong><\/p>\n<ul>\n<li>Precisi\u00f3n dimensional de los bloques<\/li>\n<li>Densidad aparente \u226515Kg\/m\u00b3<\/li>\n<li>Tensi\u00f3n por compresi\u00f3n \u22650,6 Kg\/cm\u00b2, con deformaci\u00f3n del 10% (Norma ASTM D6817).<\/li>\n<li>Resistencia a la flexi\u00f3n \u22650,15 Kg\/cm\u00b2 (Norma ASTM D6817).<\/li>\n<li>El material debe ser Autoextinguible.<\/li>\n<li>Por su alta densidad, los bloques deber\u00e1n ser utilizados en un tiempo m\u00ednimo dos semanas despu\u00e9s de su fabricaci\u00f3n.<\/li>\n<li>Buen comportamiento en presencia de nivel fre\u00e1tico.<\/li>\n<\/ul>\n<p>[\/tm_heading][tm_spacer size=\u00bblg:40&#8243;][\/vc_column_inner][\/vc_row_inner][\/vc_column][vc_column width=\u00bb1\/2&#8243; offset=\u00bbvc_col-md-6&#8243;][tm_image image_size=\u00bbcustom\u00bb action=\u00bbpopup\u00bb align=\u00bbcenter\u00bb image=\u00bb2894&#8243; image_size_width=\u00bb460&#8243;][tm_image image_size=\u00bbcustom\u00bb action=\u00bbpopup\u00bb align=\u00bbcenter\u00bb image=\u00bb2895&#8243; image_size_width=\u00bb460&#8243;][tm_spacer size=\u00bbsm:30&#8243;][\/vc_column][\/vc_row]<\/p>\n","protected":false},"excerpt":{"rendered":"<p>[vc_row][vc_column][tm_spacer size=\u00bblg:28&#8243;][tm_heading style=\u00bbmodern\u00bb tag=\u00bbh6&#8243; custom_google_font=\u00bb\u00bb align=\u00bbcenter\u00bb text_color=\u00bbcustom\u00bb custom_text_color=\u00bb#ababab\u00bb]CONSTRUPOREX[\/tm_heading][tm_heading custom_google_font=\u00bb\u00bb align=\u00bbcenter\u00bb font_size=\u00bbsm:28;md:34;lg:40&#8243; line_height=\u00bb1.4&#8243; max_width=\u00bb740px\u00bb]PRODUCTOS Y SERVICIOS[\/tm_heading][tm_spacer size=\u00bblg:28&#8243;][\/vc_column][\/vc_row][vc_row full_width=\u00bbstretch_row_content\u00bb content_placement=\u00bbmiddle\u00bb background_color=\u00bbcustom\u00bb lg_spacing=\u00bbpadding_top:40;padding_bottom:40&#8243; custom_background_color=\u00bbrgba(255,255,255,0.01)\u00bb sm_spacing=\u00bbpadding_top:100;padding_bottom:100&#8243;][vc_column width=\u00bb1\/2&#8243; offset=\u00bbvc_col-md-6&#8243; order=\u00bbsm:3&#8243;][vc_row_inner content_alignment=\u00bbright\u00bb sm_content_alignment=\u00bbcenter\u00bb max_width=\u00bb600px\u00bb][vc_column_inner][tm_heading tag=\u00bbh4&#8243; custom_google_font=\u00bb\u00bb sm_align=\u00bbcenter\u00bb font_size=\u00bbsm:28;md:34;lg:20&#8243; line_height=\u00bb1.4&#8243;]POLISTIRENO EXPANDIDO (EPS)[\/tm_heading][tm_spacer size=\u00bblg:25&#8243;][tm_heading tag=\u00bbp\u00bb custom_google_font=\u00bb\u00bb sm_align=\u00bbcenter\u00bb text_color=\u00bbcustom\u00bb custom_text_color=\u00bb#ababab\u00bb] Tambi\u00e9n conocido en Colombia como \u00abIcopor\u00bb, es un material pl\u00e1stico celular y r\u00edgido fabricado a partir del moldeo de perlas preexpandidas de poliestireno expandible, que presenta una estructura celular cerrada y rellena de aire; debido a sus excelentes propiedades juega un destacado papel en la industria de la construcci\u00f3n a nivel mundial. Los productos y materiales de poliestireno expandido tienen gran aplicaci\u00f3n y presentan una excelente capacidad de aislamiento t\u00e9rmico debido a la propia estructura del material que esencialmente consiste en aire ocluido dentro de una estructura celular conformada por el poliestireno. Aproximadamente un 98% del volumen del material es aire y \u00fanicamente un 2% materia s\u00f3lida (poliestireno), siendo el aire en reposo un excelente aislante t\u00e9rmico. APLICACIONES En el sector de la construcci\u00f3n, tanto en la edificaci\u00f3n como en las obras de Ingenier\u00eda civil, nos encontramos con numerosas aplicaciones del EPS (poliestireno expandido). Placas y paneles de aislamiento termo-ac\u00fastico, casetones y bovedillas para forjados, moldes de encofrado, juntas de dilataci\u00f3n, elementos decorativos interiores, bloques de EPS para dotar de ligereza a terraplenes de carreteras y para llenos livianos o estructurales. [\/tm_heading][tm_spacer size=\u00bblg:40&#8243;][\/vc_column_inner][\/vc_row_inner][\/vc_column][vc_column width=\u00bb1\/2&#8243; offset=\u00bbvc_col-md-6&#8243;][tm_image image_size=\u00bbcustom\u00bb action=\u00bbpopup\u00bb align=\u00bbcenter\u00bb image=\u00bb3036&#8243; image_size_width=\u00bb460&#8243;][tm_image image_size=\u00bbcustom\u00bb action=\u00bbpopup\u00bb align=\u00bbcenter\u00bb image=\u00bb2943&#8243; image_size_width=\u00bb460&#8243;][tm_spacer size=\u00bbsm:30&#8243;][\/vc_column][\/vc_row][vc_row][vc_column][tm_spacer size=\u00bblg:28&#8243;][tm_heading custom_google_font=\u00bb\u00bb align=\u00bbcenter\u00bb font_size=\u00bbsm:28;md:34;lg:40&#8243; line_height=\u00bb1.4&#8243; max_width=\u00bb740px\u00bb]ALIGERAMIENTOS DE LOSAS [\/tm_heading][tm_spacer size=\u00bblg:28&#8243;][vc_column_text] Se compone de suministro, instalaci\u00f3n, recuperaci\u00f3n de casetones y mano de obra permanente en obra, en el caso de que las vigas tengan un nivel diferente se suministran los complementos en los nervios para que la obra arme a un solo nivel. Al terminar esta labor, todos los residuos de poliestireno y pl\u00e1stico son retirados de las obras para darles un destino final que impacte positivamente el medio ambiente. [\/vc_column_text][\/vc_column][\/vc_row][vc_row full_width=\u00bbstretch_row_content\u00bb content_placement=\u00bbmiddle\u00bb background_color=\u00bbcustom\u00bb lg_spacing=\u00bbpadding_top:40;padding_bottom:40&#8243; custom_background_color=\u00bbrgba(0,0,0,0.01)\u00bb sm_spacing=\u00bbpadding_top:100;padding_bottom:100&#8243;][vc_column offset=\u00bbvc_col-md-6&#8243; order=\u00bbsm:3&#8243;][vc_row_inner content_alignment=\u00bbright\u00bb sm_content_alignment=\u00bbcenter\u00bb max_width=\u00bb600px\u00bb][vc_column_inner][tm_heading tag=\u00bbh4&#8243; custom_google_font=\u00bb\u00bb sm_align=\u00bbcenter\u00bb font_size=\u00bbsm:28;md:34;lg:20&#8243; line_height=\u00bb1.4&#8243;]CASETONES RECUPERABLES\/ NO RECUPERABLES[\/tm_heading][tm_spacer size=\u00bblg:25&#8243;][tm_heading tag=\u00bbp\u00bb custom_google_font=\u00bb\u00bb sm_align=\u00bbcenter\u00bb text_color=\u00bbcustom\u00bb custom_text_color=\u00bb#ababab\u00bb]CASETONES NO RECUPERABLES O P\u00c9RDIDOS Son piezas macizas rectangulares de poliestireno expandido con tama\u00f1os variables seg\u00fan el dise\u00f1o estructural de cada proyecto; A diferencia de los recuperables este producto solo se utiliza una sola vez y queda atrapado dentro de la placa aligerada, dot\u00e1ndola de sus ventajas de aislamiento t\u00e9rmico y ac\u00fastico. Es utilizado en losas de entrepiso, losas de cubiertas y losas de fundaci\u00f3n. CASETONES RECUPERABLES Piezas macizas rectangulares de poliestireno expandido con tama\u00f1os variables seg\u00fan el dise\u00f1o estructural de cada proyecto, tienen un corte trapezoidal en la parte central y son forrados en polietileno liso para hacer m\u00e1s f\u00e1cil su recuperaci\u00f3n, pueden ser recuperados luego de fraguado el hormig\u00f3n y ser utilizados nuevamente en repetidas ocasiones. VENTAJAS DE LOS CASETONES(EPS) Por su bajo peso permite mayor agilidad en el transporte y la instalaci\u00f3n. Gran versatilidad. Maximiza el rendimiento del concreto ya que elimina el riesgo de filtraciones y pandeos. Ofrece mejor acabado porque se copia la superficie lisa y templada del polietileno. Por la cantidad de usos que soporta se vuelve m\u00e1s econ\u00f3mico que los dem\u00e1s sistemas (Re-utilizaci\u00f3n de 16 a 20 veces). EPS 100% reciclable, lo que lo hace amigable con el medio ambiente [\/tm_heading][tm_spacer size=\u00bblg:40&#8243;][\/vc_column_inner][\/vc_row_inner][\/vc_column][vc_column offset=\u00bbvc_col-md-6&#8243;][tm_image image_size=\u00bbcustom\u00bb action=\u00bbpopup\u00bb align=\u00bbcenter\u00bb image=\u00bb2954&#8243; image_size_width=\u00bb460&#8243;][tm_image image_size=\u00bbcustom\u00bb action=\u00bbpopup\u00bb align=\u00bbcenter\u00bb image=\u00bb2890&#8243; image_size_width=\u00bb460&#8243;][tm_image image_size=\u00bbcustom\u00bb action=\u00bbpopup\u00bb align=\u00bbcenter\u00bb image=\u00bb2891&#8243; image_size_width=\u00bb460&#8243;][tm_spacer size=\u00bbsm:30&#8243;][\/vc_column][\/vc_row][vc_row full_width=\u00bbstretch_row_content\u00bb content_placement=\u00bbmiddle\u00bb background_color=\u00bbcustom\u00bb lg_spacing=\u00bbpadding_top:40;padding_bottom:40&#8243; custom_background_color=\u00bbrgba(255,255,255,0.01)\u00bb sm_spacing=\u00bbpadding_top:100;padding_bottom:100&#8243;][vc_column width=\u00bb1\/2&#8243; content_position=\u00bbtop\u00bb offset=\u00bbvc_col-md-6&#8243; order=\u00bbsm:3&#8243;][vc_row_inner content_alignment=\u00bbright\u00bb sm_content_alignment=\u00bbcenter\u00bb max_width=\u00bb600px\u00bb][vc_column_inner content_position=\u00bbtop\u00bb][tm_heading tag=\u00bbh4&#8243; custom_google_font=\u00bb\u00bb sm_align=\u00bbcenter\u00bb font_size=\u00bbsm:28;md:34;lg:20&#8243; line_height=\u00bb1.4&#8243;]BOVEDILLAS[\/tm_heading][tm_spacer size=\u00bblg:25&#8243;][tm_heading tag=\u00bbp\u00bb custom_google_font=\u00bb\u00bb sm_align=\u00bbcenter\u00bb text_color=\u00bbcustom\u00bb custom_text_color=\u00bb#ababab\u00bb]BOVEDILLAS Las bovedillas de CONSTRUPOREX son bloques muy ligeros de poliestireno expandido auto extinguible que por sus caracter\u00edsticas son el complemento id\u00f3neo para aligerar los forjados, adem\u00e1s de ser un excelente aislante t\u00e9rmico. VENTAJAS Favorecen la reducci\u00f3n del peso propio de la losa. Disminuye la transmisi\u00f3n de ruidos entre plantas. Disminuye el futuro gasto de energ\u00eda en climatizaci\u00f3n gracias a sus cualidades de aislaci\u00f3n t\u00e9rmica. Agiliza la construcci\u00f3n debido a su bajo peso y f\u00e1cil colocaci\u00f3n. No tienen desperdicios ni posibilidades de rotura durante la colocaci\u00f3n. [\/tm_heading][tm_spacer size=\u00bblg:40&#8243;][\/vc_column_inner][\/vc_row_inner][\/vc_column][vc_column width=\u00bb1\/2&#8243; offset=\u00bbvc_col-md-6&#8243;][tm_image image_size=\u00bbcustom\u00bb action=\u00bbpopup\u00bb align=\u00bbcenter\u00bb image=\u00bb2948&#8243; image_size_width=\u00bb460&#8243;][tm_image image_size=\u00bbcustom\u00bb action=\u00bbpopup\u00bb align=\u00bbcenter\u00bb image=\u00bb2949&#8243; image_size_width=\u00bb460&#8243;][tm_spacer size=\u00bbsm:30&#8243;][\/vc_column][\/vc_row][vc_row full_width=\u00bbstretch_row_content\u00bb content_placement=\u00bbmiddle\u00bb background_color=\u00bbcustom\u00bb lg_spacing=\u00bbpadding_top:40;padding_bottom:40&#8243; custom_background_color=\u00bbrgba(255,255,255,0.01)\u00bb sm_spacing=\u00bbpadding_top:100;padding_bottom:100&#8243;][vc_column width=\u00bb1\/2&#8243; offset=\u00bbvc_col-md-6&#8243; order=\u00bbsm:3&#8243;][vc_row_inner content_alignment=\u00bbright\u00bb sm_content_alignment=\u00bbcenter\u00bb max_width=\u00bb600px\u00bb][vc_column_inner][tm_heading tag=\u00bbh4&#8243; custom_google_font=\u00bb\u00bb sm_align=\u00bbcenter\u00bb font_size=\u00bbsm:28;md:34;lg:20&#8243; line_height=\u00bb1.4&#8243;]GEOBLOQUES[\/tm_heading][tm_spacer size=\u00bblg:25&#8243;][tm_heading tag=\u00bbp\u00bb custom_google_font=\u00bb\u00bb sm_align=\u00bbcenter\u00bb text_color=\u00bbcustom\u00bb custom_text_color=\u00bb#ababab\u00bb] Bloque en EPS para relleno utilizado en el campo de la construcci\u00f3n, caracterizado por la baja densidad que posee, en comparaci\u00f3n con otros materiales de relleno utilizados. En aplicaciones geot\u00e9cnicas se emplean bloques cuya densidad var\u00eda entre los 15 y 35 Kg\/m3, aproximadamente el 1% del peso de los materiales convencionales. En general las caracter\u00edsticas mec\u00e1nicas del bloque en EPS, dependen de la densidad aparente del GEOBLOQUE. CARACTER\u00cdSITICAS T\u00c9CNICAS Precisi\u00f3n dimensional de los bloques Densidad aparente \u226515Kg\/m\u00b3 Tensi\u00f3n por compresi\u00f3n \u22650,6 Kg\/cm\u00b2, con deformaci\u00f3n del 10% (Norma ASTM D6817). Resistencia a la flexi\u00f3n \u22650,15 Kg\/cm\u00b2 (Norma ASTM D6817). El material debe ser Autoextinguible. Por su alta densidad, los bloques deber\u00e1n ser utilizados en un tiempo m\u00ednimo dos semanas despu\u00e9s de su fabricaci\u00f3n. Buen comportamiento en presencia de nivel fre\u00e1tico. [\/tm_heading][tm_spacer size=\u00bblg:40&#8243;][\/vc_column_inner][\/vc_row_inner][\/vc_column][vc_column width=\u00bb1\/2&#8243; offset=\u00bbvc_col-md-6&#8243;][tm_image image_size=\u00bbcustom\u00bb action=\u00bbpopup\u00bb align=\u00bbcenter\u00bb image=\u00bb2894&#8243; image_size_width=\u00bb460&#8243;][tm_image image_size=\u00bbcustom\u00bb action=\u00bbpopup\u00bb align=\u00bbcenter\u00bb image=\u00bb2895&#8243; image_size_width=\u00bb460&#8243;][tm_spacer size=\u00bbsm:30&#8243;][\/vc_column][\/vc_row]<\/p>\n","protected":false},"author":1,"featured_media":0,"parent":0,"menu_order":0,"comment_status":"closed","ping_status":"closed","template":"","meta":{"footnotes":""},"class_list":["post-2386","page","type-page","status-publish","hentry","post-no-thumbnail"],"_links":{"self":[{"href":"https:\/\/construporex.com\/index.php\/wp-json\/wp\/v2\/pages\/2386","targetHints":{"allow":["GET"]}}],"collection":[{"href":"https:\/\/construporex.com\/index.php\/wp-json\/wp\/v2\/pages"}],"about":[{"href":"https:\/\/construporex.com\/index.php\/wp-json\/wp\/v2\/types\/page"}],"author":[{"embeddable":true,"href":"https:\/\/construporex.com\/index.php\/wp-json\/wp\/v2\/users\/1"}],"replies":[{"embeddable":true,"href":"https:\/\/construporex.com\/index.php\/wp-json\/wp\/v2\/comments?post=2386"}],"version-history":[{"count":81,"href":"https:\/\/construporex.com\/index.php\/wp-json\/wp\/v2\/pages\/2386\/revisions"}],"predecessor-version":[{"id":3093,"href":"https:\/\/construporex.com\/index.php\/wp-json\/wp\/v2\/pages\/2386\/revisions\/3093"}],"wp:attachment":[{"href":"https:\/\/construporex.com\/index.php\/wp-json\/wp\/v2\/media?parent=2386"}],"curies":[{"name":"wp","href":"https:\/\/api.w.org\/{rel}","templated":true}]}}