{"id":3022,"date":"2020-11-04T17:22:41","date_gmt":"2020-11-04T17:22:41","guid":{"rendered":"https:\/\/construporex.com\/?page_id=3022"},"modified":"2020-11-04T17:44:11","modified_gmt":"2020-11-04T17:44:11","slug":"corporativo-historia","status":"publish","type":"page","link":"https:\/\/construporex.com\/index.php\/corporativo-historia\/","title":{"rendered":"Corporativo &#8211; Historia"},"content":{"rendered":"<p>[vc_row][vc_column][tm_spacer size=\u00bblg:23&#8243;][tm_spacer size=\u00bblg:23&#8243;][tm_heading style=\u00bbmodern\u00bb tag=\u00bbh6&#8243; custom_google_font=\u00bb\u00bb align=\u00bbcenter\u00bb text_color=\u00bbcustom\u00bb custom_text_color=\u00bb#ababab\u00bb]CONSTRUPOREX[\/tm_heading][tm_heading custom_google_font=\u00bb\u00bb align=\u00bbcenter\u00bb font_size=\u00bbsm:28;md:34;lg:40&#8243; line_height=\u00bb1.4&#8243; max_width=\u00bb740px\u00bb]NUESTRA <mark>HISTORIA<\/mark>[\/tm_heading][tm_spacer size=\u00bblg:23&#8243;][tm_spacer size=\u00bblg:23&#8243;][vc_column_text]<\/p>\n<p style=\"text-align: justify;\">Para el a\u00f1o 2010, tras largas investigaciones y estudios de mercado ConstruPorex se constituye como empresa el 1 de marzo, con el fin de fabricar productos de poliestireno expandido (icopor) Incursionar en el mercado no fue nada f\u00e1cil, pues a pesar de la experiencia que se ten\u00eda no era garant\u00eda para la adquisici\u00f3n de clientes de manera r\u00e1pida, lo que llevo a Construporex en su primer a\u00f1o de funcionamiento a trabajar con el m\u00ednimo porcentaje de rentabilidad pero, con los m\u00e1s altos est\u00e1ndares de calidad en la prestaci\u00f3n del servicio de aligeramiento de losas, el objetivo principal era conseguir el mayor n\u00famero de proyectos en la ciudad y lograr posicionarse como uno de los proveedores l\u00edderes en el sector. En el a\u00f1o 2011 nuestra ventaja competitiva g\u00e9nero en los clientes grandes expectativas y satisfacci\u00f3n en la prestaci\u00f3n del servicio, lo que contribuy\u00f3 a nuevas negociaciones con gran parte de las Constructoras del pa\u00eds con alto reconocimiento, logrando as\u00ed una expansi\u00f3n en el mercado a nivel nacional.<\/p>\n<p>[\/vc_column_text][tm_spacer size=\u00bblg:23&#8243;][\/vc_column][\/vc_row][vc_row][vc_column][\/vc_column][\/vc_row][vc_row full_width=\u00bbstretch_row_content\u00bb][vc_column][tm_grid align=\u00bbcenter\u00bb equal_height=\u00bb1&#8243; columns=\u00bbxs:1;lg:2&#8243; row_gutter=\u00bblg:30&#8243; max_width=\u00bblg:1230&#8243;][tm_box_icon style=\u00bb03&#8243; icon_type=\u00bbfontawesome5&#8243; icon_fontawesome5=\u00bbfal fa-lock-alt\u00bb box_link=\u00bburl:%23|title:Top%20Security||\u00bb heading=\u00bbTecnolog\u00eda Integral\u00bb text=\u00bbGeneramos productos innovadores y de gran valor agregado que se complementan con acompa\u00f1amiento t\u00e9cnico de alto nivel. Siempre a la vanguardia.\u00bb button=\u00bb|||\u00bb][tm_box_icon style=\u00bb03&#8243; icon_type=\u00bbfontawesome5&#8243; icon_fontawesome5=\u00bbfal fa-medal\u00bb box_link=\u00bburl:%23|title:Reliability||\u00bb heading=\u00bbSustentabilidad &amp; Ecosistema\u00bb text=\u00bbEs una pol\u00edtica corporativa siempre tener los mejores protocolos para respetar el medio ambiente y al entorno de nuestros colaboradores.\u00bb button=\u00bb|||\u00bb][\/tm_grid][tm_spacer size=\u00bblg:73&#8243;][\/vc_column][\/vc_row][vc_row full_width=\u00bbstretch_row\u00bb background_color=\u00bbcustom\u00bb lg_spacing=\u00bbpadding_top:64;padding_bottom:64&#8243; custom_background_color=\u00bbrgba(101,214,36,0.75)\u00bb][vc_column][tm_grid columns=\u00bbxs:2;sm:2;lg:4&#8243; column_gutter=\u00bblg:30&#8243; row_gutter=\u00bblg:50&#8243;][tm_counter number_color=\u00bbcustom\u00bb text_color=\u00bbcustom\u00bb number=\u00bb1790&#8243; text=\u00bbClientes Felices\u00bb custom_number_color=\u00bb#ffffff\u00bb custom_text_color=\u00bbrgba(255,255,255,0.7)\u00bb][tm_counter number_color=\u00bbcustom\u00bb text_color=\u00bbcustom\u00bb number=\u00bb491&#8243; text=\u00bbProyectos Finalizados\u00bb custom_number_color=\u00bb#ffffff\u00bb custom_text_color=\u00bbrgba(255,255,255,0.7)\u00bb][tm_counter number_color=\u00bbcustom\u00bb text_color=\u00bbcustom\u00bb number=\u00bb245&#8243; text=\u00bbToneladas Recicladas\u00bb custom_number_color=\u00bb#ffffff\u00bb custom_text_color=\u00bbrgba(255,255,255,0.7)\u00bb][tm_counter number_color=\u00bbcustom\u00bb text_color=\u00bbcustom\u00bb number=\u00bb1090&#8243; text=\u00bbEmpleos Generados\u00bb custom_number_color=\u00bb#ffffff\u00bb custom_text_color=\u00bbrgba(255,255,255,0.7)\u00bb][\/tm_grid][\/vc_column][\/vc_row]<\/p>\n","protected":false},"excerpt":{"rendered":"<p>[vc_row][vc_column][tm_spacer size=\u00bblg:23&#8243;][tm_spacer size=\u00bblg:23&#8243;][tm_heading style=\u00bbmodern\u00bb tag=\u00bbh6&#8243; custom_google_font=\u00bb\u00bb align=\u00bbcenter\u00bb text_color=\u00bbcustom\u00bb custom_text_color=\u00bb#ababab\u00bb]CONSTRUPOREX[\/tm_heading][tm_heading custom_google_font=\u00bb\u00bb align=\u00bbcenter\u00bb font_size=\u00bbsm:28;md:34;lg:40&#8243; line_height=\u00bb1.4&#8243; max_width=\u00bb740px\u00bb]NUESTRA HISTORIA[\/tm_heading][tm_spacer size=\u00bblg:23&#8243;][tm_spacer size=\u00bblg:23&#8243;][vc_column_text] Para el a\u00f1o 2010, tras largas investigaciones y estudios de mercado ConstruPorex se constituye como empresa el 1 de marzo, con el fin de fabricar productos de poliestireno expandido (icopor) Incursionar en el mercado no fue nada f\u00e1cil, pues a pesar de la experiencia que se ten\u00eda no era garant\u00eda para la adquisici\u00f3n de clientes de manera r\u00e1pida, lo que llevo a Construporex en su primer a\u00f1o de funcionamiento a trabajar con el m\u00ednimo porcentaje de rentabilidad pero, con los m\u00e1s altos est\u00e1ndares de calidad en la prestaci\u00f3n del servicio de aligeramiento de losas, el objetivo principal era conseguir el mayor n\u00famero de proyectos en la ciudad y lograr posicionarse como uno de los proveedores l\u00edderes en el sector. En el a\u00f1o 2011 nuestra ventaja competitiva g\u00e9nero en los clientes grandes expectativas y satisfacci\u00f3n en la prestaci\u00f3n del servicio, lo que contribuy\u00f3 a nuevas negociaciones con gran parte de las Constructoras del pa\u00eds con alto reconocimiento, logrando as\u00ed una expansi\u00f3n en el mercado a nivel nacional. [\/vc_column_text][tm_spacer size=\u00bblg:23&#8243;][\/vc_column][\/vc_row][vc_row][vc_column][\/vc_column][\/vc_row][vc_row full_width=\u00bbstretch_row_content\u00bb][vc_column][tm_grid align=\u00bbcenter\u00bb equal_height=\u00bb1&#8243; columns=\u00bbxs:1;lg:2&#8243; row_gutter=\u00bblg:30&#8243; max_width=\u00bblg:1230&#8243;][tm_box_icon style=\u00bb03&#8243; icon_type=\u00bbfontawesome5&#8243; icon_fontawesome5=\u00bbfal fa-lock-alt\u00bb box_link=\u00bburl:%23|title:Top%20Security||\u00bb heading=\u00bbTecnolog\u00eda Integral\u00bb text=\u00bbGeneramos productos innovadores y de gran valor agregado que se complementan con acompa\u00f1amiento t\u00e9cnico de alto nivel. Siempre a la vanguardia.\u00bb button=\u00bb|||\u00bb][tm_box_icon style=\u00bb03&#8243; icon_type=\u00bbfontawesome5&#8243; icon_fontawesome5=\u00bbfal fa-medal\u00bb box_link=\u00bburl:%23|title:Reliability||\u00bb heading=\u00bbSustentabilidad &amp; Ecosistema\u00bb text=\u00bbEs una pol\u00edtica corporativa siempre tener los mejores protocolos para respetar el medio ambiente y al entorno de nuestros colaboradores.\u00bb button=\u00bb|||\u00bb][\/tm_grid][tm_spacer size=\u00bblg:73&#8243;][\/vc_column][\/vc_row][vc_row full_width=\u00bbstretch_row\u00bb background_color=\u00bbcustom\u00bb lg_spacing=\u00bbpadding_top:64;padding_bottom:64&#8243; custom_background_color=\u00bbrgba(101,214,36,0.75)\u00bb][vc_column][tm_grid columns=\u00bbxs:2;sm:2;lg:4&#8243; column_gutter=\u00bblg:30&#8243; row_gutter=\u00bblg:50&#8243;][tm_counter number_color=\u00bbcustom\u00bb text_color=\u00bbcustom\u00bb number=\u00bb1790&#8243; text=\u00bbClientes Felices\u00bb custom_number_color=\u00bb#ffffff\u00bb custom_text_color=\u00bbrgba(255,255,255,0.7)\u00bb][tm_counter number_color=\u00bbcustom\u00bb text_color=\u00bbcustom\u00bb number=\u00bb491&#8243; text=\u00bbProyectos Finalizados\u00bb custom_number_color=\u00bb#ffffff\u00bb custom_text_color=\u00bbrgba(255,255,255,0.7)\u00bb][tm_counter number_color=\u00bbcustom\u00bb text_color=\u00bbcustom\u00bb number=\u00bb245&#8243; text=\u00bbToneladas Recicladas\u00bb custom_number_color=\u00bb#ffffff\u00bb custom_text_color=\u00bbrgba(255,255,255,0.7)\u00bb][tm_counter number_color=\u00bbcustom\u00bb text_color=\u00bbcustom\u00bb number=\u00bb1090&#8243; text=\u00bbEmpleos Generados\u00bb custom_number_color=\u00bb#ffffff\u00bb custom_text_color=\u00bbrgba(255,255,255,0.7)\u00bb][\/tm_grid][\/vc_column][\/vc_row]<\/p>\n","protected":false},"author":1,"featured_media":0,"parent":0,"menu_order":0,"comment_status":"closed","ping_status":"closed","template":"","meta":{"footnotes":""},"class_list":["post-3022","page","type-page","status-publish","hentry","post-no-thumbnail"],"_links":{"self":[{"href":"https:\/\/construporex.com\/index.php\/wp-json\/wp\/v2\/pages\/3022","targetHints":{"allow":["GET"]}}],"collection":[{"href":"https:\/\/construporex.com\/index.php\/wp-json\/wp\/v2\/pages"}],"about":[{"href":"https:\/\/construporex.com\/index.php\/wp-json\/wp\/v2\/types\/page"}],"author":[{"embeddable":true,"href":"https:\/\/construporex.com\/index.php\/wp-json\/wp\/v2\/users\/1"}],"replies":[{"embeddable":true,"href":"https:\/\/construporex.com\/index.php\/wp-json\/wp\/v2\/comments?post=3022"}],"version-history":[{"count":4,"href":"https:\/\/construporex.com\/index.php\/wp-json\/wp\/v2\/pages\/3022\/revisions"}],"predecessor-version":[{"id":3030,"href":"https:\/\/construporex.com\/index.php\/wp-json\/wp\/v2\/pages\/3022\/revisions\/3030"}],"wp:attachment":[{"href":"https:\/\/construporex.com\/index.php\/wp-json\/wp\/v2\/media?parent=3022"}],"curies":[{"name":"wp","href":"https:\/\/api.w.org\/{rel}","templated":true}]}}